{"id":349,"date":"2017-04-25T20:41:49","date_gmt":"2017-04-25T18:41:49","guid":{"rendered":"http:\/\/www.kasteko.sk\/?page_id=349\/"},"modified":"2023-10-16T10:07:26","modified_gmt":"2023-10-16T08:07:26","slug":"kontakt","status":"publish","type":"page","link":"https:\/\/www.kasteko.sk\/de\/kontakt\/","title":{"rendered":"Kontakt"},"content":{"rendered":"<div id='av_section_1'  class='avia-section av-2f2jmt-9cd376c66ad6836be1e15b949f708a30 main_color avia-section-default avia-no-shadow  avia-builder-el-0  el_before_av_one_full  avia-builder-el-first  avia-bg-style-scroll container_wrap sidebar_right'  ><div class='container av-section-cont-open' ><main  role=\"main\" itemprop=\"mainContentOfPage\"  class='template-page content  av-content-small alpha units'><div class='post-entry post-entry-type-page post-entry-349'><div class='entry-content-wrapper clearfix'>\n\n<\/div><\/div><\/main><!-- close content main element --><\/div><\/div><div id='after_section_1'  class='main_color av_default_container_wrap container_wrap sidebar_right'  ><div class='container av-section-cont-open' ><div class='template-page content  av-content-small alpha units'><div class='post-entry post-entry-type-page post-entry-349'><div class='entry-content-wrapper clearfix'>\n\n<style type=\"text\/css\" data-created_by=\"avia_inline_auto\" id=\"style-css-av-2aapod-a5d7eaa4b6ff52dd14b1f878083cc660\">\n.flex_column.av-2aapod-a5d7eaa4b6ff52dd14b1f878083cc660{\n-webkit-border-radius:0px 0px 0px 0px;\n-moz-border-radius:0px 0px 0px 0px;\nborder-radius:0px 0px 0px 0px;\n}\n<\/style>\n<div class='flex_column av-2aapod-a5d7eaa4b6ff52dd14b1f878083cc660 av_one_full  avia-builder-el-2  el_after_av_section  el_before_av_two_third  avia-builder-el-first  first flex_column_div av-zero-column-padding '     ><\/div>\n\n<style type=\"text\/css\" data-created_by=\"avia_inline_auto\" id=\"style-css-av-23ojlp-4bac86b76b7f01dae59a552d20f83b23\">\n.flex_column.av-23ojlp-4bac86b76b7f01dae59a552d20f83b23{\n-webkit-border-radius:0px 0px 0px 0px;\n-moz-border-radius:0px 0px 0px 0px;\nborder-radius:0px 0px 0px 0px;\n}\n<\/style>\n<div class='flex_column av-23ojlp-4bac86b76b7f01dae59a552d20f83b23 av_two_third  avia-builder-el-3  el_after_av_one_full  el_before_av_one_third  first flex_column_div av-animated-generic bottom-to-top av-zero-column-padding column-top-margin'     ><p>\n<style type=\"text\/css\" data-created_by=\"avia_inline_auto\" id=\"style-css-av-6vhzp-54a9410a2720f095333cb794fb7960b1\">\n#top .av-special-heading.av-6vhzp-54a9410a2720f095333cb794fb7960b1{\npadding-bottom:0px;\n}\nbody .av-special-heading.av-6vhzp-54a9410a2720f095333cb794fb7960b1 .av-special-heading-tag .heading-char{\nfont-size:25px;\n}\n.av-special-heading.av-6vhzp-54a9410a2720f095333cb794fb7960b1 .av-subheading{\nfont-size:15px;\n}\n<\/style>\n<div  class='av-special-heading av-6vhzp-54a9410a2720f095333cb794fb7960b1 av-special-heading-h3 blockquote modern-quote  avia-builder-el-4  el_before_av_hr  avia-builder-el-first '><h3 class='av-special-heading-tag'  itemprop=\"headline\"  >Kontaktieren Sie uns<\/h3><div class=\"special-heading-border\"><div class=\"special-heading-inner-border\"><\/div><\/div><\/div><br \/>\n\n<style type=\"text\/css\" data-created_by=\"avia_inline_auto\" id=\"style-css-av-1sds31-14f657a78d2377b1f0ce9338b3a32a89\">\n#top .hr.av-1sds31-14f657a78d2377b1f0ce9338b3a32a89{\nmargin-top:10px;\nmargin-bottom:10px;\n}\n.hr.av-1sds31-14f657a78d2377b1f0ce9338b3a32a89 .hr-inner{\nwidth:50px;\nborder-color:#2d5c88;\n}\n<\/style>\n<div  class='hr av-1sds31-14f657a78d2377b1f0ce9338b3a32a89 hr-custom  avia-builder-el-5  el_after_av_heading  el_before_av_textblock  hr-left hr-icon-no'><span class='hr-inner inner-border-av-border-fat'><span class=\"hr-inner-style\"><\/span><\/span><\/div><br \/>\n<section  class='av_textblock_section av-lnsm4akz-50eb4194588e4e7e2455699d0040daa5'  itemscope=\"itemscope\" itemtype=\"https:\/\/schema.org\/CreativeWork\" ><div class='avia_textblock'  itemprop=\"text\" ><div class=\"wpforms-container wpforms-container-full wpforms-render-modern\" id=\"wpforms-438\"><form id=\"wpforms-form-438\" class=\"wpforms-validate wpforms-form wpforms-ajax-form\" data-formid=\"438\" method=\"post\" enctype=\"multipart\/form-data\" action=\"\/de\/wp-json\/wp\/v2\/pages\/349\" data-token=\"e9a999f162a043b16b1922e933053710\"><noscript class=\"wpforms-error-noscript\">Bitte aktiviere JavaScript in deinem Browser, um dieses Formular fertigzustellen.<\/noscript><div class=\"wpforms-hidden\" id=\"wpforms-error-noscript\">Bitte aktiviere JavaScript in deinem Browser, um dieses Formular fertigzustellen.<\/div><div class=\"wpforms-field-container\"><div id=\"wpforms-438-field_0-container\" class=\"wpforms-field wpforms-field-name\" data-field-id=\"0\"><label class=\"wpforms-field-label\" for=\"wpforms-438-field_0\">Name <span class=\"wpforms-required-label\" aria-hidden=\"true\">*<\/span><\/label><input type=\"text\" id=\"wpforms-438-field_0\" class=\"wpforms-field-medium wpforms-field-required\" name=\"wpforms[fields][0]\" aria-errormessage=\"wpforms-438-field_0-error\" required><\/div><div id=\"wpforms-438-field_1-container\" class=\"wpforms-field wpforms-field-email\" data-field-id=\"1\"><label class=\"wpforms-field-label\" for=\"wpforms-438-field_1\">Email <span class=\"wpforms-required-label\" aria-hidden=\"true\">*<\/span><\/label><input type=\"email\" id=\"wpforms-438-field_1\" class=\"wpforms-field-medium wpforms-field-required\" name=\"wpforms[fields][1]\" spellcheck=\"false\" aria-errormessage=\"wpforms-438-field_1-error\" required><\/div><div id=\"wpforms-438-field_2-container\" class=\"wpforms-field wpforms-field-textarea\" data-field-id=\"2\"><label class=\"wpforms-field-label\" for=\"wpforms-438-field_2\">Nachricht<\/label><textarea id=\"wpforms-438-field_2\" class=\"wpforms-field-medium\" name=\"wpforms[fields][2]\" aria-errormessage=\"wpforms-438-field_2-error\" ><\/textarea><\/div><\/div><!-- .wpforms-field-container --><div class=\"wpforms-recaptcha-container wpforms-is-hcaptcha\" ><div class=\"g-recaptcha\" data-sitekey=\"bf89ff76-1b2b-404f-a737-c6ffad915d6d\"><\/div><input type=\"text\" name=\"g-recaptcha-hidden\" class=\"wpforms-recaptcha-hidden\" style=\"position:absolute!important;clip:rect(0,0,0,0)!important;height:1px!important;width:1px!important;border:0!important;overflow:hidden!important;padding:0!important;margin:0!important;\" data-rule-hcaptcha=\"1\"><\/div><div class=\"wpforms-submit-container\" ><input type=\"hidden\" name=\"wpforms[id]\" value=\"438\"><input type=\"hidden\" name=\"wpforms[author]\" value=\"1\"><button type=\"submit\" name=\"wpforms[submit]\" id=\"wpforms-submit-438\" class=\"wpforms-submit\" data-alt-text=\"Odosielam...\" data-submit-text=\"Senden\" aria-live=\"assertive\" value=\"wpforms-submit\">Senden<\/button><img src=\"https:\/\/www.kasteko.sk\/wp-content\/plugins\/wpforms-lite\/assets\/images\/submit-spin.svg\" class=\"wpforms-submit-spinner\" style=\"display: none;\" width=\"26\" height=\"26\" alt=\"Wird geladen\"><\/div><\/form><\/div>  <!-- .wpforms-container -->\n<\/div><\/section><\/p><\/div>\n<style type=\"text\/css\" data-created_by=\"avia_inline_auto\" id=\"style-css-av-tg8h9-4007a2cb0c46aef03693a1b7bca64070\">\n.flex_column.av-tg8h9-4007a2cb0c46aef03693a1b7bca64070{\n-webkit-border-radius:0px 0px 0px 0px;\n-moz-border-radius:0px 0px 0px 0px;\nborder-radius:0px 0px 0px 0px;\n}\n<\/style>\n<div class='flex_column av-tg8h9-4007a2cb0c46aef03693a1b7bca64070 av_one_third  avia-builder-el-7  el_after_av_two_third  avia-builder-el-last  flex_column_div av-animated-generic bottom-to-top av-zero-column-padding column-top-margin'     ><p>\n<style type=\"text\/css\" data-created_by=\"avia_inline_auto\" id=\"style-css-av-ksz8d-a195eb05fcf6c0bdc10238dc36519309\">\n#top .av-special-heading.av-ksz8d-a195eb05fcf6c0bdc10238dc36519309{\npadding-bottom:0px;\n}\nbody .av-special-heading.av-ksz8d-a195eb05fcf6c0bdc10238dc36519309 .av-special-heading-tag .heading-char{\nfont-size:25px;\n}\n.av-special-heading.av-ksz8d-a195eb05fcf6c0bdc10238dc36519309 .av-subheading{\nfont-size:15px;\n}\n<\/style>\n<div  class='av-special-heading av-ksz8d-a195eb05fcf6c0bdc10238dc36519309 av-special-heading-h3 blockquote modern-quote  avia-builder-el-8  el_before_av_hr  avia-builder-el-first '><h3 class='av-special-heading-tag'  itemprop=\"headline\"  >Kontakt<\/h3><div class=\"special-heading-border\"><div class=\"special-heading-inner-border\"><\/div><\/div><\/div><br \/>\n\n<style type=\"text\/css\" data-created_by=\"avia_inline_auto\" id=\"style-css-av-fst4d-84ef061b85d85a7ab9957835b0e5bfb9\">\n#top .hr.av-fst4d-84ef061b85d85a7ab9957835b0e5bfb9{\nmargin-top:10px;\nmargin-bottom:10px;\n}\n.hr.av-fst4d-84ef061b85d85a7ab9957835b0e5bfb9 .hr-inner{\nwidth:50px;\nborder-color:#2d5c88;\n}\n<\/style>\n<div  class='hr av-fst4d-84ef061b85d85a7ab9957835b0e5bfb9 hr-custom  avia-builder-el-9  el_after_av_heading  el_before_av_textblock  hr-left hr-icon-no'><span class='hr-inner inner-border-av-border-fat'><span class=\"hr-inner-style\"><\/span><\/span><\/div><br \/>\n<section  class='av_textblock_section av-ae4mt-36673702808fc51870756608719a87c6'  itemscope=\"itemscope\" itemtype=\"https:\/\/schema.org\/CreativeWork\" ><div class='avia_textblock'  itemprop=\"text\" ><p><strong>Betrieb<\/strong><br \/>\n\u013dubochnianska 2131, 080 06 Pre\u0161ov- \u013dubotice<\/p>\n<p><strong>Adresse<\/strong><br \/>\nKASTEKO spol. s.r.o.<br \/>\nMal\u00e1 Lodina 10<br \/>\n044 32<\/p>\n<p><strong>Kontakt<\/strong><br \/>\nkasteko@kasteko.sk<br \/>\n00421 905 781 911<\/p>\n<\/div><\/section><\/p><\/div><\/p>\n","protected":false},"excerpt":{"rendered":"","protected":false},"author":1,"featured_media":0,"parent":0,"menu_order":0,"comment_status":"closed","ping_status":"closed","template":"","meta":[],"aioseo_notices":[],"_links":{"self":[{"href":"https:\/\/www.kasteko.sk\/de\/wp-json\/wp\/v2\/pages\/349"}],"collection":[{"href":"https:\/\/www.kasteko.sk\/de\/wp-json\/wp\/v2\/pages"}],"about":[{"href":"https:\/\/www.kasteko.sk\/de\/wp-json\/wp\/v2\/types\/page"}],"author":[{"embeddable":true,"href":"https:\/\/www.kasteko.sk\/de\/wp-json\/wp\/v2\/users\/1"}],"replies":[{"embeddable":true,"href":"https:\/\/www.kasteko.sk\/de\/wp-json\/wp\/v2\/comments?post=349"}],"version-history":[{"count":6,"href":"https:\/\/www.kasteko.sk\/de\/wp-json\/wp\/v2\/pages\/349\/revisions"}],"predecessor-version":[{"id":444,"href":"https:\/\/www.kasteko.sk\/de\/wp-json\/wp\/v2\/pages\/349\/revisions\/444"}],"wp:attachment":[{"href":"https:\/\/www.kasteko.sk\/de\/wp-json\/wp\/v2\/media?parent=349"}],"curies":[{"name":"wp","href":"https:\/\/api.w.org\/{rel}","templated":true}]}}