{"id":336,"date":"2017-04-25T20:06:18","date_gmt":"2017-04-25T18:06:18","guid":{"rendered":"http:\/\/www.kasteko.sk\/?page_id=336\/"},"modified":"2017-11-15T07:53:51","modified_gmt":"2017-11-15T06:53:51","slug":"home","status":"publish","type":"page","link":"https:\/\/www.kasteko.sk\/de\/","title":{"rendered":"Home"},"content":{"rendered":"<div id='full_slider_1'  class='avia-fullwidth-slider main_color avia-shadow   avia-builder-el-0  el_before_av_section  avia-builder-el-first   container_wrap sidebar_right'  ><div  class='avia-slideshow av-av_slideshow_full-f5ffa4159ed1ceeca9c90260fdf9fb41 avia-slideshow-featured_large av_slideshow_full avia-fade-slider av-slideshow-ui av-control-minimal av-slideshow-autoplay av-loop-endless av-loop-manual-endless av-default-height-applied   avia-slideshow-1' data-slideshow-options=\"{&quot;animation&quot;:&quot;fade&quot;,&quot;autoplay&quot;:true,&quot;loop_autoplay&quot;:&quot;endless&quot;,&quot;interval&quot;:5,&quot;loop_manual&quot;:&quot;manual-endless&quot;,&quot;autoplay_stopper&quot;:false,&quot;noNavigation&quot;:false,&quot;bg_slider&quot;:false,&quot;keep_padding&quot;:false,&quot;hoverpause&quot;:false,&quot;show_slide_delay&quot;:0}\"  itemprop=\"image\" itemscope=\"itemscope\" itemtype=\"https:\/\/schema.org\/ImageObject\" ><ul class='avia-slideshow-inner ' style='padding-bottom: 42%;'><li  class='avia-slideshow-slide av-av_slideshow_full-f5ffa4159ed1ceeca9c90260fdf9fb41__0  slide-1 slide-odd'><div data-rel='slideshow-1' class='avia-slide-wrap '   ><img class=\"wp-image-265 avia-img-lazy-loading-not-265\"  src=\"https:\/\/www.kasteko.sk\/wp-content\/uploads\/2015\/10\/1-1500x630.jpg\" width=\"1500\" height=\"630\" title='1' alt=''  itemprop=\"thumbnailUrl\"   \/><div class='av-section-color-overlay' style='opacity: 0.2; background-color: #000000; '><\/div><\/div><\/li><li  class='avia-slideshow-slide av-av_slideshow_full-f5ffa4159ed1ceeca9c90260fdf9fb41__1  slide-2 slide-even'><div data-rel='slideshow-1' class='avia-slide-wrap '   ><img class=\"wp-image-266 avia-img-lazy-loading-not-266\"  src=\"https:\/\/www.kasteko.sk\/wp-content\/uploads\/2015\/10\/2-1500x630.jpg\" width=\"1500\" height=\"630\" title='2' alt=''  itemprop=\"thumbnailUrl\"   \/><div class='av-section-color-overlay' style='opacity: 0.2; background-color: #000000; '><\/div><\/div><\/li><li  class='avia-slideshow-slide av-av_slideshow_full-f5ffa4159ed1ceeca9c90260fdf9fb41__2  slide-3 slide-odd'><div data-rel='slideshow-1' class='avia-slide-wrap '   ><img class=\"wp-image-290 avia-img-lazy-loading-not-290\"  src=\"https:\/\/www.kasteko.sk\/wp-content\/uploads\/2015\/10\/3-1500x630.jpg\" width=\"1500\" height=\"630\" title='3' alt=''  itemprop=\"thumbnailUrl\"   \/><\/div><\/li><\/ul><div class='avia-slideshow-arrows avia-slideshow-controls' ><a href='#prev' class='prev-slide ' aria-hidden='true' data-av_icon='\ue87c' data-av_iconfont='entypo-fontello'  tabindex='-1'>Zur\u00fcck<\/a><a href='#next' class='next-slide ' aria-hidden='true' data-av_icon='\ue87d' data-av_iconfont='entypo-fontello'  tabindex='-1'>Weiter<\/a><\/div><div class='avia-slideshow-dots avia-slideshow-controls'><a href='#1' class='goto-slide active' >1<\/a><a href='#2' class='goto-slide ' >2<\/a><a href='#3' class='goto-slide ' >3<\/a><\/div><div class='av-slideshow-caption av-av_slideshow_full-f5ffa4159ed1ceeca9c90260fdf9fb41__0 caption_fullwidth caption_left caption_left_framed caption_framed'><div class=\"container caption_container\"><div class=\"slideshow_caption\"><div class=\"slideshow_inner_caption\"><div class=\"slideshow_align_caption\"><h2 class='avia-caption-title '  itemprop=\"name\" >Firma Kasteko spol. s.r.o.<\/h2><div class='avia-caption-content '  itemprop=\"description\" ><p>Firma Kasteko wuerde im Jahr 2004 gegrunded. Unser Kerngesch\u00e4ft , ist die Lieferung und<br \/>\nVerarbeitung der kompletten Palette von H\u00fcttenmaterial . Wir konzentrieren uns vor allem auf die Lieferung von Stahl von den Produzenten aus \u00d6sterreich, Ungarn, der Slowakei, Polen und Italien. Unsere Firma ist auch in den Bau t\u00e4tig .<\/p>\n<\/div><a href='https:\/\/www.kasteko.sk\/de\/kontakt\/'  class='avia-slideshow-button avia-button avia-color-theme-color ' data-duration='800' data-easing='easeInOutQuad'>Kontakt<\/a><\/div><\/div><\/div><\/div><\/div><\/div><\/div>\n\n<style type=\"text\/css\" data-created_by=\"avia_inline_auto\" id=\"style-css-av-av_section-b31e2f522c96f42bf4b613d128fca275\">\n.avia-section.av-av_section-b31e2f522c96f42bf4b613d128fca275{\nbackground-color:#2d5c88;\nbackground-image:unset;\n}\n<\/style>\n<div id='av_section_1'  class='avia-section av-av_section-b31e2f522c96f42bf4b613d128fca275 main_color avia-section-default avia-no-border-styling  avia-builder-el-1  el_after_av_slideshow_full  el_before_av_section  avia-bg-style-parallax container_wrap sidebar_right'  ><div class='container av-section-cont-open' ><div class='template-page content  av-content-small alpha units'><div class='post-entry post-entry-type-page post-entry-336'><div class='entry-content-wrapper clearfix'>\n<div class='flex_column_table av-av_three_fourth-82270c90e86fcf8a13257e4d397d8135 sc-av_three_fourth av-equal-height-column-flextable'>\n<style type=\"text\/css\" data-created_by=\"avia_inline_auto\" id=\"style-css-av-av_three_fourth-82270c90e86fcf8a13257e4d397d8135\">\n.flex_column.av-av_three_fourth-82270c90e86fcf8a13257e4d397d8135{\n-webkit-border-radius:0px 0px 0px 0px;\n-moz-border-radius:0px 0px 0px 0px;\nborder-radius:0px 0px 0px 0px;\n}\n<\/style>\n<div class='flex_column av-av_three_fourth-82270c90e86fcf8a13257e4d397d8135 av_three_fourth  avia-builder-el-2  el_before_av_one_fourth  avia-builder-el-first  first flex_column_table_cell av-equal-height-column av-align-middle av-animated-generic left-to-right av-zero-column-padding '     ><style type=\"text\/css\" data-created_by=\"avia_inline_auto\" id=\"style-css-av-av_heading-a1c3b31d8657695203e683855614b276\">\n#top .av-special-heading.av-av_heading-a1c3b31d8657695203e683855614b276{\npadding-bottom:0px;\ncolor:#ffffff;\nfont-size:30px;\n}\nbody .av-special-heading.av-av_heading-a1c3b31d8657695203e683855614b276 .av-special-heading-tag .heading-char{\nfont-size:25px;\n}\n#top #wrap_all .av-special-heading.av-av_heading-a1c3b31d8657695203e683855614b276 .av-special-heading-tag{\nfont-size:30px;\n}\n.av-special-heading.av-av_heading-a1c3b31d8657695203e683855614b276 .special-heading-inner-border{\nborder-color:#ffffff;\n}\n.av-special-heading.av-av_heading-a1c3b31d8657695203e683855614b276 .av-subheading{\nfont-size:15px;\n}\n\n@media only screen and (min-width: 480px) and (max-width: 767px){ \n#top #wrap_all .av-special-heading.av-av_heading-a1c3b31d8657695203e683855614b276 .av-special-heading-tag{\nfont-size:0.8em;\n}\n}\n\n@media only screen and (max-width: 479px){ \n#top #wrap_all .av-special-heading.av-av_heading-a1c3b31d8657695203e683855614b276 .av-special-heading-tag{\nfont-size:0.8em;\n}\n}\n<\/style>\n<div  class='av-special-heading av-av_heading-a1c3b31d8657695203e683855614b276 av-special-heading-h3 custom-color-heading blockquote modern-quote  avia-builder-el-3  avia-builder-el-no-sibling  av-inherit-size'><h3 class='av-special-heading-tag'  itemprop=\"headline\"  >Firma Kasteko wuerde im Jahr 2004 gegrunded. Unser Kerngesch\u00e4ft , ist die Lieferung und Verarbeitung der kompletten Palette von H\u00fcttenmaterial <\/h3><div class=\"special-heading-border\"><div class=\"special-heading-inner-border\"><\/div><\/div><\/div><\/div><div class='av-flex-placeholder'><\/div>\n<style type=\"text\/css\" data-created_by=\"avia_inline_auto\" id=\"style-css-av-av_one_fourth-60a890f5276958159927439e19d40c8d\">\n.flex_column.av-av_one_fourth-60a890f5276958159927439e19d40c8d{\n-webkit-border-radius:0px 0px 0px 0px;\n-moz-border-radius:0px 0px 0px 0px;\nborder-radius:0px 0px 0px 0px;\n}\n<\/style>\n<div class='flex_column av-av_one_fourth-60a890f5276958159927439e19d40c8d av_one_fourth  avia-builder-el-4  el_after_av_three_fourth  avia-builder-el-last  flex_column_table_cell av-equal-height-column av-align-middle av-animated-generic right-to-left av-zero-column-padding '     ><div  class='avia-button-wrap av-av_button-de2ed925c52d6792217453dde2d79e81-wrap avia-button-right  avia-builder-el-5  avia-builder-el-no-sibling ' ><a href='http:\/\/www.kasteko.sk\/de\/kontakt\/'  class='avia-button av-av_button-de2ed925c52d6792217453dde2d79e81 avia-icon_select-no avia-size-large avia-position-right avia-color-light' ><span class='avia_iconbox_title' >KONTAKT<\/span><\/a><\/div><\/div><\/div><!--close column table wrapper. Autoclose: 1 -->\n\n<\/div><\/div><\/div><!-- close content main div --><\/div><\/div><div id='av_section_2'  class='avia-section av-av_section-43fa913dbbd7170bb5693496c11aa38b main_color avia-section-large avia-no-border-styling  avia-builder-el-6  el_after_av_section  avia-builder-el-last  avia-bg-style-scroll container_wrap sidebar_right'  ><div class='container av-section-cont-open' ><div class='template-page content  av-content-small alpha units'><div class='post-entry post-entry-type-page post-entry-336'><div class='entry-content-wrapper clearfix'>\n\n<style type=\"text\/css\" data-created_by=\"avia_inline_auto\" id=\"style-css-av-av_heading-fa2db048527778fcf9817133d4e85010\">\n#top .av-special-heading.av-av_heading-fa2db048527778fcf9817133d4e85010{\npadding-bottom:0px;\n}\nbody .av-special-heading.av-av_heading-fa2db048527778fcf9817133d4e85010 .av-special-heading-tag .heading-char{\nfont-size:25px;\n}\n.av-special-heading.av-av_heading-fa2db048527778fcf9817133d4e85010 .av-subheading{\nfont-size:15px;\n}\n<\/style>\n<div  class='av-special-heading av-av_heading-fa2db048527778fcf9817133d4e85010 av-special-heading-h2 blockquote modern-quote modern-centered  avia-builder-el-7  el_before_av_hr  avia-builder-el-first '><h2 class='av-special-heading-tag'  itemprop=\"headline\"  >Wir bieten<\/h2><div class=\"special-heading-border\"><div class=\"special-heading-inner-border\"><\/div><\/div><\/div>\n\n<style type=\"text\/css\" data-created_by=\"avia_inline_auto\" id=\"style-css-av-av_hr-50707ec381f4a81aec1be2148c0fbce2\">\n#top .hr.av-av_hr-50707ec381f4a81aec1be2148c0fbce2{\nmargin-top:5px;\nmargin-bottom:35px;\n}\n.hr.av-av_hr-50707ec381f4a81aec1be2148c0fbce2 .hr-inner{\nwidth:50px;\nborder-color:#2d5c88;\n}\n<\/style>\n<div  class='hr av-av_hr-50707ec381f4a81aec1be2148c0fbce2 hr-custom  avia-builder-el-8  el_after_av_heading  el_before_av_one_third  hr-center hr-icon-no'><span class='hr-inner inner-border-av-border-fat'><span class=\"hr-inner-style\"><\/span><\/span><\/div>\n\n<style type=\"text\/css\" data-created_by=\"avia_inline_auto\" id=\"style-css-av-av_one_third-d71a51a707c4656b37c9afbbd6138215\">\n.flex_column.av-av_one_third-d71a51a707c4656b37c9afbbd6138215{\n-webkit-border-radius:0px 0px 0px 0px;\n-moz-border-radius:0px 0px 0px 0px;\nborder-radius:0px 0px 0px 0px;\n}\n<\/style>\n<div class='flex_column av-av_one_third-d71a51a707c4656b37c9afbbd6138215 av_one_third  avia-builder-el-9  el_after_av_hr  el_before_av_one_third  first flex_column_div av-animated-generic bottom-to-top av-zero-column-padding '     ><p>\n<style type=\"text\/css\" data-created_by=\"avia_inline_auto\" id=\"style-css-av-av_image-ee8cb2bf251beddbeaf732057dcab0e3\">\n.avia-image-container.av-av_image-ee8cb2bf251beddbeaf732057dcab0e3 img.avia_image{\nbox-shadow:none;\n}\n.avia-image-container.av-av_image-ee8cb2bf251beddbeaf732057dcab0e3 .av-image-caption-overlay-center{\ncolor:#ffffff;\n}\n<\/style>\n<div  class='avia-image-container av-av_image-ee8cb2bf251beddbeaf732057dcab0e3 av-styling-no-styling avia-align-center  avia-builder-el-10  el_before_av_hr  avia-builder-el-first '   itemprop=\"image\" itemscope=\"itemscope\" itemtype=\"https:\/\/schema.org\/ImageObject\" ><div class=\"avia-image-container-inner\"><div class=\"avia-image-overlay-wrap\"><a href=\"http:\/\/www.kasteko.sk\/de\/dienstleistungen\/\" class='avia_image' ><img class='wp-image-282 avia-img-lazy-loading-not-282 avia_image ' src=\"https:\/\/www.kasteko.sk\/wp-content\/uploads\/2015\/10\/sprac-mat.jpg\" alt='' title='sprac-mat'  height=\"135\" width=\"365\"  itemprop=\"thumbnailUrl\" srcset=\"https:\/\/www.kasteko.sk\/wp-content\/uploads\/2015\/10\/sprac-mat.jpg 365w, https:\/\/www.kasteko.sk\/wp-content\/uploads\/2015\/10\/sprac-mat-300x111.jpg 300w\" sizes=\"(max-width: 365px) 100vw, 365px\" \/><\/a><\/div><\/div><\/div><br \/>\n\n<style type=\"text\/css\" data-created_by=\"avia_inline_auto\" id=\"style-css-av-av_hr-bf78602c936c8ce809f6ad620b384c75\">\n#top .hr.av-av_hr-bf78602c936c8ce809f6ad620b384c75{\nmargin-top:10px;\nmargin-bottom:10px;\n}\n.hr.av-av_hr-bf78602c936c8ce809f6ad620b384c75 .hr-inner{\nwidth:50px;\nborder-color:#2d5c88;\n}\n<\/style>\n<div  class='hr av-av_hr-bf78602c936c8ce809f6ad620b384c75 hr-custom  avia-builder-el-11  el_after_av_image  el_before_av_heading  hr-left hr-icon-no'><span class='hr-inner inner-border-av-border-fat'><span class=\"hr-inner-style\"><\/span><\/span><\/div><br \/>\n\n<style type=\"text\/css\" data-created_by=\"avia_inline_auto\" id=\"style-css-av-av_heading-b8aa1b06a3fd99f19b9f014f17d0dc31\">\n#top .av-special-heading.av-av_heading-b8aa1b06a3fd99f19b9f014f17d0dc31{\npadding-bottom:0px;\n}\nbody .av-special-heading.av-av_heading-b8aa1b06a3fd99f19b9f014f17d0dc31 .av-special-heading-tag .heading-char{\nfont-size:25px;\n}\n.av-special-heading.av-av_heading-b8aa1b06a3fd99f19b9f014f17d0dc31 .av-subheading{\nfont-size:15px;\n}\n<\/style>\n<div  class='av-special-heading av-av_heading-b8aa1b06a3fd99f19b9f014f17d0dc31 av-special-heading-h3 blockquote modern-quote  avia-builder-el-12  el_after_av_hr  avia-builder-el-last '><h3 class='av-special-heading-tag'  itemprop=\"headline\"  >Dienstleistungen<\/h3><div class=\"special-heading-border\"><div class=\"special-heading-inner-border\"><\/div><\/div><\/div><\/p><\/div>\n<style type=\"text\/css\" data-created_by=\"avia_inline_auto\" id=\"style-css-av-av_one_third-93bea18e2ccb60552a17080633244dec\">\n.flex_column.av-av_one_third-93bea18e2ccb60552a17080633244dec{\n-webkit-border-radius:0px 0px 0px 0px;\n-moz-border-radius:0px 0px 0px 0px;\nborder-radius:0px 0px 0px 0px;\n}\n<\/style>\n<div class='flex_column av-av_one_third-93bea18e2ccb60552a17080633244dec av_one_third  avia-builder-el-13  el_after_av_one_third  el_before_av_one_third  flex_column_div av-animated-generic bottom-to-top av-zero-column-padding '     ><p>\n<style type=\"text\/css\" data-created_by=\"avia_inline_auto\" id=\"style-css-av-av_image-616d7379175badaf85069510b5ea8c86\">\n.avia-image-container.av-av_image-616d7379175badaf85069510b5ea8c86 img.avia_image{\nbox-shadow:none;\n}\n.avia-image-container.av-av_image-616d7379175badaf85069510b5ea8c86 .av-image-caption-overlay-center{\ncolor:#ffffff;\n}\n<\/style>\n<div  class='avia-image-container av-av_image-616d7379175badaf85069510b5ea8c86 av-styling-no-styling avia-align-center  avia-builder-el-14  el_before_av_hr  avia-builder-el-first '   itemprop=\"image\" itemscope=\"itemscope\" itemtype=\"https:\/\/schema.org\/ImageObject\" ><div class=\"avia-image-container-inner\"><div class=\"avia-image-overlay-wrap\"><a href=\"http:\/\/www.kasteko.sk\/de\/transport\/\" class='avia_image' ><img class='wp-image-284 avia-img-lazy-loading-not-284 avia_image ' src=\"https:\/\/www.kasteko.sk\/wp-content\/uploads\/2015\/10\/doprava.jpg\" alt='' title='doprava'  height=\"135\" width=\"365\"  itemprop=\"thumbnailUrl\" srcset=\"https:\/\/www.kasteko.sk\/wp-content\/uploads\/2015\/10\/doprava.jpg 365w, https:\/\/www.kasteko.sk\/wp-content\/uploads\/2015\/10\/doprava-300x111.jpg 300w\" sizes=\"(max-width: 365px) 100vw, 365px\" \/><\/a><\/div><\/div><\/div><br \/>\n\n<style type=\"text\/css\" data-created_by=\"avia_inline_auto\" id=\"style-css-av-av_hr-bf78602c936c8ce809f6ad620b384c75\">\n#top .hr.av-av_hr-bf78602c936c8ce809f6ad620b384c75{\nmargin-top:10px;\nmargin-bottom:10px;\n}\n.hr.av-av_hr-bf78602c936c8ce809f6ad620b384c75 .hr-inner{\nwidth:50px;\nborder-color:#2d5c88;\n}\n<\/style>\n<div  class='hr av-av_hr-bf78602c936c8ce809f6ad620b384c75 hr-custom  avia-builder-el-15  el_after_av_image  el_before_av_heading  hr-left hr-icon-no'><span class='hr-inner inner-border-av-border-fat'><span class=\"hr-inner-style\"><\/span><\/span><\/div><br \/>\n\n<style type=\"text\/css\" data-created_by=\"avia_inline_auto\" id=\"style-css-av-av_heading-8929c44b02f8368240831936ab6e8d9d\">\n#top .av-special-heading.av-av_heading-8929c44b02f8368240831936ab6e8d9d{\npadding-bottom:0px;\n}\nbody .av-special-heading.av-av_heading-8929c44b02f8368240831936ab6e8d9d .av-special-heading-tag .heading-char{\nfont-size:25px;\n}\n.av-special-heading.av-av_heading-8929c44b02f8368240831936ab6e8d9d .av-subheading{\nfont-size:15px;\n}\n<\/style>\n<div  class='av-special-heading av-av_heading-8929c44b02f8368240831936ab6e8d9d av-special-heading-h3 blockquote modern-quote  avia-builder-el-16  el_after_av_hr  avia-builder-el-last '><h3 class='av-special-heading-tag'  itemprop=\"headline\"  >Transport<\/h3><div class=\"special-heading-border\"><div class=\"special-heading-inner-border\"><\/div><\/div><\/div><\/p><\/div>\n<style type=\"text\/css\" data-created_by=\"avia_inline_auto\" id=\"style-css-av-av_one_third-93bea18e2ccb60552a17080633244dec\">\n.flex_column.av-av_one_third-93bea18e2ccb60552a17080633244dec{\n-webkit-border-radius:0px 0px 0px 0px;\n-moz-border-radius:0px 0px 0px 0px;\nborder-radius:0px 0px 0px 0px;\n}\n<\/style>\n<div class='flex_column av-av_one_third-93bea18e2ccb60552a17080633244dec av_one_third  avia-builder-el-17  el_after_av_one_third  avia-builder-el-last  flex_column_div av-animated-generic bottom-to-top av-zero-column-padding '     ><p>\n<style type=\"text\/css\" data-created_by=\"avia_inline_auto\" id=\"style-css-av-av_image-802f7ab10e79cb4c9d622c33b06fc89c\">\n.avia-image-container.av-av_image-802f7ab10e79cb4c9d622c33b06fc89c img.avia_image{\nbox-shadow:none;\n}\n.avia-image-container.av-av_image-802f7ab10e79cb4c9d622c33b06fc89c .av-image-caption-overlay-center{\ncolor:#ffffff;\n}\n<\/style>\n<div  class='avia-image-container av-av_image-802f7ab10e79cb4c9d622c33b06fc89c av-styling-no-styling avia-align-center  avia-builder-el-18  el_before_av_hr  avia-builder-el-first '   itemprop=\"image\" itemscope=\"itemscope\" itemtype=\"https:\/\/schema.org\/ImageObject\" ><div class=\"avia-image-container-inner\"><div class=\"avia-image-overlay-wrap\"><a href=\"http:\/\/www.kasteko.sk\/de\/sortiment\/\" class='avia_image' ><img class='wp-image-283 avia-img-lazy-loading-not-283 avia_image ' src=\"https:\/\/www.kasteko.sk\/wp-content\/uploads\/2015\/10\/sortiment.jpg\" alt='' title='sortiment'  height=\"135\" width=\"365\"  itemprop=\"thumbnailUrl\" srcset=\"https:\/\/www.kasteko.sk\/wp-content\/uploads\/2015\/10\/sortiment.jpg 365w, https:\/\/www.kasteko.sk\/wp-content\/uploads\/2015\/10\/sortiment-300x111.jpg 300w\" sizes=\"(max-width: 365px) 100vw, 365px\" \/><\/a><\/div><\/div><\/div><br \/>\n\n<style type=\"text\/css\" data-created_by=\"avia_inline_auto\" id=\"style-css-av-av_hr-bf78602c936c8ce809f6ad620b384c75\">\n#top .hr.av-av_hr-bf78602c936c8ce809f6ad620b384c75{\nmargin-top:10px;\nmargin-bottom:10px;\n}\n.hr.av-av_hr-bf78602c936c8ce809f6ad620b384c75 .hr-inner{\nwidth:50px;\nborder-color:#2d5c88;\n}\n<\/style>\n<div  class='hr av-av_hr-bf78602c936c8ce809f6ad620b384c75 hr-custom  avia-builder-el-19  el_after_av_image  el_before_av_heading  hr-left hr-icon-no'><span class='hr-inner inner-border-av-border-fat'><span class=\"hr-inner-style\"><\/span><\/span><\/div><br \/>\n\n<style type=\"text\/css\" data-created_by=\"avia_inline_auto\" id=\"style-css-av-av_heading-f4db6c2c029c9e7dda3414ee580e83af\">\n#top .av-special-heading.av-av_heading-f4db6c2c029c9e7dda3414ee580e83af{\npadding-bottom:0px;\n}\nbody .av-special-heading.av-av_heading-f4db6c2c029c9e7dda3414ee580e83af .av-special-heading-tag .heading-char{\nfont-size:25px;\n}\n.av-special-heading.av-av_heading-f4db6c2c029c9e7dda3414ee580e83af .av-subheading{\nfont-size:15px;\n}\n<\/style>\n<div  class='av-special-heading av-av_heading-f4db6c2c029c9e7dda3414ee580e83af av-special-heading-h3 blockquote modern-quote  avia-builder-el-20  el_after_av_hr  avia-builder-el-last '><h3 class='av-special-heading-tag'  itemprop=\"headline\"  >Sortiment<\/h3><div class=\"special-heading-border\"><div class=\"special-heading-inner-border\"><\/div><\/div><\/div><\/p><\/div><\/div><\/div><\/div><!-- close content main div --><\/div><\/div><div id='after_section_2'  class='main_color av_default_container_wrap container_wrap sidebar_right'  ><div class='container av-section-cont-open' ><div class='template-page content  av-content-small alpha units'><div class='post-entry post-entry-type-page post-entry-336'><div class='entry-content-wrapper clearfix'>\n","protected":false},"excerpt":{"rendered":"","protected":false},"author":1,"featured_media":0,"parent":0,"menu_order":0,"comment_status":"closed","ping_status":"closed","template":"","meta":[],"aioseo_notices":[],"_links":{"self":[{"href":"https:\/\/www.kasteko.sk\/de\/wp-json\/wp\/v2\/pages\/336"}],"collection":[{"href":"https:\/\/www.kasteko.sk\/de\/wp-json\/wp\/v2\/pages"}],"about":[{"href":"https:\/\/www.kasteko.sk\/de\/wp-json\/wp\/v2\/types\/page"}],"author":[{"embeddable":true,"href":"https:\/\/www.kasteko.sk\/de\/wp-json\/wp\/v2\/users\/1"}],"replies":[{"embeddable":true,"href":"https:\/\/www.kasteko.sk\/de\/wp-json\/wp\/v2\/comments?post=336"}],"version-history":[{"count":12,"href":"https:\/\/www.kasteko.sk\/de\/wp-json\/wp\/v2\/pages\/336\/revisions"}],"predecessor-version":[{"id":370,"href":"https:\/\/www.kasteko.sk\/de\/wp-json\/wp\/v2\/pages\/336\/revisions\/370"}],"wp:attachment":[{"href":"https:\/\/www.kasteko.sk\/de\/wp-json\/wp\/v2\/media?parent=336"}],"curies":[{"name":"wp","href":"https:\/\/api.w.org\/{rel}","templated":true}]}}